{"id":1344,"date":"2024-07-22T06:42:44","date_gmt":"2024-07-22T06:42:44","guid":{"rendered":"https:\/\/muk.lt\/?page_id=1344"},"modified":"2024-09-03T16:16:09","modified_gmt":"2024-09-03T13:16:09","slug":"paslauga-periodontologinis-gydymas","status":"publish","type":"page","link":"https:\/\/muk.lt\/en\/paslauga-periodontologinis-gydymas\/","title":{"rendered":"Periodontal Therapy"},"content":{"rendered":"<div data-elementor-type=\"wp-page\" data-elementor-id=\"1344\" class=\"elementor elementor-1344\" data-elementor-post-type=\"page\">\n\t\t\t\t<div class=\"elementor-element elementor-element-6e28f3e7 e-flex e-con-boxed e-con e-parent\" data-id=\"6e28f3e7\" data-element_type=\"container\" data-settings=\"{&quot;background_background&quot;:&quot;classic&quot;}\">\n\t\t\t\t\t<div class=\"e-con-inner\">\n\t\t\t\t<div class=\"elementor-element elementor-element-7c096d3b elementor-widget__width-auto elementor-widget elementor-widget-heading\" data-id=\"7c096d3b\" data-element_type=\"widget\" data-widget_type=\"heading.default\">\n\t\t\t\t<div class=\"elementor-widget-container\">\n\t\t\t\t\t<h3 class=\"elementor-heading-title elementor-size-default\">PERIODONTAL THERAPY<\/h3>\t\t\t\t<\/div>\n\t\t\t\t<\/div>\n\t\t\t\t\t<\/div>\n\t\t\t\t<\/div>\n\t\t<div class=\"elementor-element elementor-element-6463330d e-con-full e-flex e-con e-parent\" data-id=\"6463330d\" data-element_type=\"container\">\n\t\t<div class=\"elementor-element elementor-element-7cf3ecf9 e-con-full e-flex e-con e-child\" data-id=\"7cf3ecf9\" data-element_type=\"container\">\n\t\t\t\t<\/div>\n\t\t<div class=\"elementor-element elementor-element-4f97be0d e-con-full e-flex e-con e-child\" data-id=\"4f97be0d\" data-element_type=\"container\" data-settings=\"{&quot;background_background&quot;:&quot;classic&quot;}\">\n\t\t\t\t<div class=\"elementor-element elementor-element-68bb3e99 elementor-align-justify elementor-widget elementor-widget-button\" data-id=\"68bb3e99\" data-element_type=\"widget\" data-widget_type=\"button.default\">\n\t\t\t\t<div class=\"elementor-widget-container\">\n\t\t\t\t\t\t\t\t\t<div class=\"elementor-button-wrapper\">\n\t\t\t\t\t<a class=\"elementor-button elementor-button-link elementor-size-sm\" href=\"https:\/\/muk.lt\/en\">\n\t\t\t\t\t\t<span class=\"elementor-button-content-wrapper\">\n\t\t\t\t\t\t<span class=\"elementor-button-icon\">\n\t\t\t\t<svg aria-hidden=\"true\" class=\"e-font-icon-svg e-fas-greater-than\" viewbox=\"0 0 384 512\" xmlns=\"http:\/\/www.w3.org\/2000\/svg\"><path d=\"M365.52 209.85L59.22 67.01c-16.06-7.49-35.15-.54-42.64 15.52L3.01 111.61c-7.49 16.06-.54 35.15 15.52 42.64L236.96 256.1 18.49 357.99C2.47 365.46-4.46 384.5 3.01 400.52l13.52 29C24 445.54 43.04 452.47 59.06 445l306.47-142.91a32.003 32.003 0 0 0 18.48-29v-34.23c-.01-12.45-7.21-23.76-18.49-29.01z\"><\/path><\/svg>\t\t\t<\/span>\n\t\t\t\t\t\t\t\t\t<span class=\"elementor-button-text\">Home page<\/span>\n\t\t\t\t\t<\/span>\n\t\t\t\t\t<\/a>\n\t\t\t\t<\/div>\n\t\t\t\t\t\t\t\t<\/div>\n\t\t\t\t<\/div>\n\t\t\t\t<\/div>\n\t\t\t\t<\/div>\n\t\t<div class=\"elementor-element elementor-element-1c29988d e-flex e-con-boxed e-con e-parent\" data-id=\"1c29988d\" data-element_type=\"container\">\n\t\t\t\t\t<div class=\"e-con-inner\">\n\t\t<div class=\"elementor-element elementor-element-459b7592 e-con-full e-flex e-con e-child\" data-id=\"459b7592\" data-element_type=\"container\">\n\t\t\t\t<div class=\"elementor-element elementor-element-5ea059b8 elementor-widget elementor-widget-image-carousel\" data-id=\"5ea059b8\" data-element_type=\"widget\" data-settings=\"{&quot;slides_to_show&quot;:&quot;1&quot;,&quot;navigation&quot;:&quot;none&quot;,&quot;autoplay&quot;:&quot;yes&quot;,&quot;pause_on_hover&quot;:&quot;yes&quot;,&quot;pause_on_interaction&quot;:&quot;yes&quot;,&quot;autoplay_speed&quot;:5000,&quot;infinite&quot;:&quot;yes&quot;,&quot;effect&quot;:&quot;slide&quot;,&quot;speed&quot;:500}\" data-widget_type=\"image-carousel.default\">\n\t\t\t\t<div class=\"elementor-widget-container\">\n\t\t\t\t\t\t\t<div class=\"elementor-image-carousel-wrapper swiper\" role=\"region\" aria-roledescription=\"carousel\" aria-label=\"Image Carousel\" dir=\"ltr\" data-no-translation-aria-label=\"\">\n\t\t\t<div class=\"elementor-image-carousel swiper-wrapper\" aria-live=\"off\">\n\t\t\t\t\t\t\t\t<div class=\"swiper-slide\" role=\"group\" aria-roledescription=\"slide\" aria-label=\"1 of 1\" data-no-translation-aria-label=\"\"><figure class=\"swiper-slide-inner\"><img decoding=\"async\" class=\"swiper-slide-image\" src=\"https:\/\/muk.lt\/wp-content\/uploads\/2024\/07\/s-14.webp\" alt=\"s-14\" \/><\/figure><\/div>\t\t\t<\/div>\n\t\t\t\t\t<\/div>\n\t\t\t\t\t\t<\/div>\n\t\t\t\t<\/div>\n\t\t\t\t<\/div>\n\t\t<div class=\"elementor-element elementor-element-51620d95 e-con-full e-flex e-con e-child\" data-id=\"51620d95\" data-element_type=\"container\">\n\t\t\t\t<div class=\"elementor-element elementor-element-7d41b63f elementor-widget elementor-widget-heading\" data-id=\"7d41b63f\" data-element_type=\"widget\" data-widget_type=\"heading.default\">\n\t\t\t\t<div class=\"elementor-widget-container\">\n\t\t\t\t\t<h2 class=\"elementor-heading-title elementor-size-default\">Periodontal Therapy<\/h2>\t\t\t\t<\/div>\n\t\t\t\t<\/div>\n\t\t\t\t<div class=\"elementor-element elementor-element-4d4e6fac elementor-widget elementor-widget-text-editor\" data-id=\"4d4e6fac\" data-element_type=\"widget\" data-widget_type=\"text-editor.default\">\n\t\t\t\t<div class=\"elementor-widget-container\">\n\t\t\t\t\t\t\t\t\t<p>Caring for oral health involves not only ensuring the integrity of tooth enamel, preventing and treating cavities, but also assessing the condition of the gums and the bone supporting the teeth.<\/p><p>Untreated periodontal diseases can lead to the loss of otherwise healthy teeth that have never been filled. However, with proper oral care addressing these chronic conditions, excellent results can be achieved, enabling a fulfilling life.<\/p>\t\t\t\t\t\t\t\t<\/div>\n\t\t\t\t<\/div>\n\t\t\t\t<\/div>\n\t\t\t\t\t<\/div>\n\t\t\t\t<\/div>\n\t\t<div class=\"elementor-element elementor-element-682569d8 e-flex e-con-boxed e-con e-parent\" data-id=\"682569d8\" data-element_type=\"container\">\n\t\t\t\t\t<div class=\"e-con-inner\">\n\t\t\t\t<div class=\"elementor-element elementor-element-30e7d4de elementor-widget elementor-widget-n-accordion\" data-id=\"30e7d4de\" data-element_type=\"widget\" data-settings=\"{&quot;default_state&quot;:&quot;all_collapsed&quot;,&quot;max_items_expended&quot;:&quot;one&quot;,&quot;n_accordion_animation_duration&quot;:{&quot;unit&quot;:&quot;ms&quot;,&quot;size&quot;:400,&quot;sizes&quot;:[]}}\" data-widget_type=\"nested-accordion.default\">\n\t\t\t\t<div class=\"elementor-widget-container\">\n\t\t\t\t\t\t\t<div class=\"e-n-accordion\" aria-label=\"Prices\">\n\t\t\t\t\t\t<details id=\"e-n-accordion-item-8200\" class=\"e-n-accordion-item\" >\n\t\t\t\t<summary class=\"e-n-accordion-item-title\" data-accordion-index=\"1\" tabindex=\"0\" aria-expanded=\"false\" aria-controls=\"e-n-accordion-item-8200\" >\n\t\t\t\t\t<span class='e-n-accordion-item-title-header'><div class=\"e-n-accordion-item-title-text\"> Periodontal Disease <\/div><\/span>\n\t\t\t\t\t\t\t<span class='e-n-accordion-item-title-icon'>\n\t\t\t<span class='e-opened' ><svg aria-hidden=\"true\" class=\"e-font-icon-svg e-fas-arrow-down\" viewbox=\"0 0 448 512\" xmlns=\"http:\/\/www.w3.org\/2000\/svg\"><path d=\"M413.1 222.5l22.2 22.2c9.4 9.4 9.4 24.6 0 33.9L241 473c-9.4 9.4-24.6 9.4-33.9 0L12.7 278.6c-9.4-9.4-9.4-24.6 0-33.9l22.2-22.2c9.5-9.5 25-9.3 34.3.4L184 343.4V56c0-13.3 10.7-24 24-24h32c13.3 0 24 10.7 24 24v287.4l114.8-120.5c9.3-9.8 24.8-10 34.3-.4z\"><\/path><\/svg><\/span>\n\t\t\t<span class='e-closed'><svg aria-hidden=\"true\" class=\"e-font-icon-svg e-fas-arrow-right\" viewbox=\"0 0 448 512\" xmlns=\"http:\/\/www.w3.org\/2000\/svg\"><path d=\"M190.5 66.9l22.2-22.2c9.4-9.4 24.6-9.4 33.9 0L441 239c9.4 9.4 9.4 24.6 0 33.9L246.6 467.3c-9.4 9.4-24.6 9.4-33.9 0l-22.2-22.2c-9.5-9.5-9.3-25 .4-34.3L311.4 296H24c-13.3 0-24-10.7-24-24v-32c0-13.3 10.7-24 24-24h287.4L190.9 101.2c-9.8-9.3-10-24.8-.4-34.3z\"><\/path><\/svg><\/span>\n\t\t<\/span>\n\n\t\t\t\t\t\t<\/summary>\n\t\t\t\t<div role=\"region\" aria-labelledby=\"e-n-accordion-item-8200\" class=\"elementor-element elementor-element-e52e3d0 e-con-full e-flex e-con e-child\" data-id=\"e52e3d0\" data-element_type=\"container\" data-settings=\"{&quot;background_background&quot;:&quot;classic&quot;}\">\n\t\t<div role=\"region\" aria-labelledby=\"e-n-accordion-item-8200\" class=\"elementor-element elementor-element-b4248e2 e-flex e-con-boxed e-con e-child\" data-id=\"b4248e2\" data-element_type=\"container\">\n\t\t\t\t\t<div class=\"e-con-inner\">\n\t\t\t\t<div class=\"elementor-element elementor-element-a60e0dd elementor-widget elementor-widget-text-editor\" data-id=\"a60e0dd\" data-element_type=\"widget\" data-widget_type=\"text-editor.default\">\n\t\t\t\t<div class=\"elementor-widget-container\">\n\t\t\t\t\t\t\t\t\t<p>Periodontitis is a chronic infectious disease caused by the accumulation of plaque on the surfaces of teeth. Bacteria within dental plaque activate the human immune system and prompt inflammation of the bone surrounding the teeth. Periodontal diseases are highly prevalent, with up to 70% of adults exhibiting signs of varying severity of periodontitis.<\/p><p><strong>Symptoms of Periodontitis:<\/strong><\/p><p>In the early stages, periodontitis is often asymptomatic. Mild forms manifest with bleeding gums, swelling, and redness. Smokers may not experience primary symptoms as smoking reduces gum bleeding and masks changes in gum color.\u00a0<\/p><p>As the disease progresses, late-stage symptoms appear, including tooth mobility, gum abscesses, and tooth migration. Periodontitis is a major cause of tooth loss, and if left undiagnosed, periodontal pathology can negatively impact not only oral health but also overall well-being, increasing the risk of conditions such as rheumatoid arthritis, atherosclerosis, heart attacks, and other pathological states.\u00a0<\/p><p><strong>Treatment of Periodontitis<\/strong><\/p><p><strong>First Stage of Treatment:<\/strong><\/p><p>During initial (non-surgical) periodontal treatment, accumulated calculus and plaque are removed from the tooth surfaces. This procedure is typically performed in one or two visits under local anesthesia. Afterward, a special antiseptic mouthwash is prescribed, along with individual hygiene instructions. Following initial periodontal treatment, signs of gum inflammation begin to subside, with reduced bleeding and swelling.\u00a0<\/p><p>Around 6-8 weeks after initial treatment, a follow-up visit is conducted to measure periodontal pocket depth and evaluate treatment outcomes. If deep (&gt;5 mm) periodontal pockets persist, the patient is referred for further treatment. Non-surgical periodontal treatment is often sufficient for mild cases of periodontitis. However, individuals with severe periodontal pathology often require surgical periodontal treatment.<\/p><p><strong>Second Stage of Treatment:<\/strong><\/p><p>Surgical periodontal treatment, known as flap surgery, involves the removal of deep-seated calculus and damaged gum tissue. During this procedure, the gums are repositioned with sutures. Flap surgery is performed under local anesthesia, making it painless. Some discomfort in the surgical area may occur after the procedure but typically subsides within 24 hours.\u00a0<\/p><p><strong>Third Stage of Treatment:<\/strong><\/p><p>This is the maintenance phase aimed at preventing disease recurrence. Recurrent disease progresses rapidly, requiring more complex treatment. In this stage, regular professional oral hygiene and strengthening of oral cavity immunity are recommended under the supervision of a dentist.<\/p>\t\t\t\t\t\t\t\t<\/div>\n\t\t\t\t<\/div>\n\t\t\t\t\t<\/div>\n\t\t\t\t<\/div>\n\t\t\t\t<\/div>\n\t\t\t\t\t<\/details>\n\t\t\t\t\t<\/div>\n\t\t\t\t\t\t<\/div>\n\t\t\t\t<\/div>\n\t\t\t\t<div class=\"elementor-element elementor-element-84a3a0a elementor-widget elementor-widget-n-accordion\" data-id=\"84a3a0a\" data-element_type=\"widget\" data-settings=\"{&quot;default_state&quot;:&quot;all_collapsed&quot;,&quot;max_items_expended&quot;:&quot;one&quot;,&quot;n_accordion_animation_duration&quot;:{&quot;unit&quot;:&quot;ms&quot;,&quot;size&quot;:400,&quot;sizes&quot;:[]}}\" data-widget_type=\"nested-accordion.default\">\n\t\t\t\t<div class=\"elementor-widget-container\">\n\t\t\t\t\t\t\t<div class=\"e-n-accordion\" aria-label=\"Prices\">\n\t\t\t\t\t\t<details id=\"e-n-accordion-item-1390\" class=\"e-n-accordion-item\" >\n\t\t\t\t<summary class=\"e-n-accordion-item-title\" data-accordion-index=\"1\" tabindex=\"0\" aria-expanded=\"false\" aria-controls=\"e-n-accordion-item-1390\" >\n\t\t\t\t\t<span class='e-n-accordion-item-title-header'><div class=\"e-n-accordion-item-title-text\"> Clinical Crown Lengthening <\/div><\/span>\n\t\t\t\t\t\t\t<span class='e-n-accordion-item-title-icon'>\n\t\t\t<span class='e-opened' ><svg aria-hidden=\"true\" class=\"e-font-icon-svg e-fas-arrow-down\" viewbox=\"0 0 448 512\" xmlns=\"http:\/\/www.w3.org\/2000\/svg\"><path d=\"M413.1 222.5l22.2 22.2c9.4 9.4 9.4 24.6 0 33.9L241 473c-9.4 9.4-24.6 9.4-33.9 0L12.7 278.6c-9.4-9.4-9.4-24.6 0-33.9l22.2-22.2c9.5-9.5 25-9.3 34.3.4L184 343.4V56c0-13.3 10.7-24 24-24h32c13.3 0 24 10.7 24 24v287.4l114.8-120.5c9.3-9.8 24.8-10 34.3-.4z\"><\/path><\/svg><\/span>\n\t\t\t<span class='e-closed'><svg aria-hidden=\"true\" class=\"e-font-icon-svg e-fas-arrow-right\" viewbox=\"0 0 448 512\" xmlns=\"http:\/\/www.w3.org\/2000\/svg\"><path d=\"M190.5 66.9l22.2-22.2c9.4-9.4 24.6-9.4 33.9 0L441 239c9.4 9.4 9.4 24.6 0 33.9L246.6 467.3c-9.4 9.4-24.6 9.4-33.9 0l-22.2-22.2c-9.5-9.5-9.3-25 .4-34.3L311.4 296H24c-13.3 0-24-10.7-24-24v-32c0-13.3 10.7-24 24-24h287.4L190.9 101.2c-9.8-9.3-10-24.8-.4-34.3z\"><\/path><\/svg><\/span>\n\t\t<\/span>\n\n\t\t\t\t\t\t<\/summary>\n\t\t\t\t<div role=\"region\" aria-labelledby=\"e-n-accordion-item-1390\" class=\"elementor-element elementor-element-90c5990 e-con-full e-flex e-con e-child\" data-id=\"90c5990\" data-element_type=\"container\" data-settings=\"{&quot;background_background&quot;:&quot;classic&quot;}\">\n\t\t<div role=\"region\" aria-labelledby=\"e-n-accordion-item-1390\" class=\"elementor-element elementor-element-dae03d9 e-flex e-con-boxed e-con e-child\" data-id=\"dae03d9\" data-element_type=\"container\">\n\t\t\t\t\t<div class=\"e-con-inner\">\n\t\t\t\t<div class=\"elementor-element elementor-element-00df149 elementor-widget elementor-widget-text-editor\" data-id=\"00df149\" data-element_type=\"widget\" data-widget_type=\"text-editor.default\">\n\t\t\t\t<div class=\"elementor-widget-container\">\n\t\t\t\t\t\t\t\t\t<p>This is a procedure during which tissues around the tooth are removed to create access for quality dental filling or prosthetics. If the tooth is broken deeply below the gums, the procedure also involves correction of the gum line and exposure of healthy tooth tissue.<\/p><p><strong>Procedure Steps:\u00a0\u00a0<\/strong>\u00a0\u00a0\u00a0\u00a0<\/p><p>The treatment is performed under local anesthesia. Depending on the extent of the damage, gum tissues are removed during the procedure, and if necessary, bone contouring is performed. At the end of the procedure, the gums are adapted with sutures. The result of the procedure is the exposure of more healthy tooth tissues and giving the gums a natural shape.<\/p><p><strong>What to Know After the Procedure?<\/strong><\/p><p>After the procedure, you can expect some minor discomfort in the surgical area, which usually subsides within 24 hours.<\/p><p>Procedure Duration: 60 - 90 minutes.<\/p>\t\t\t\t\t\t\t\t<\/div>\n\t\t\t\t<\/div>\n\t\t\t\t\t<\/div>\n\t\t\t\t<\/div>\n\t\t\t\t<\/div>\n\t\t\t\t\t<\/details>\n\t\t\t\t\t<\/div>\n\t\t\t\t\t\t<\/div>\n\t\t\t\t<\/div>\n\t\t\t\t<div class=\"elementor-element elementor-element-c974d44 elementor-widget elementor-widget-n-accordion\" data-id=\"c974d44\" data-element_type=\"widget\" data-settings=\"{&quot;default_state&quot;:&quot;all_collapsed&quot;,&quot;max_items_expended&quot;:&quot;one&quot;,&quot;n_accordion_animation_duration&quot;:{&quot;unit&quot;:&quot;ms&quot;,&quot;size&quot;:400,&quot;sizes&quot;:[]}}\" data-widget_type=\"nested-accordion.default\">\n\t\t\t\t<div class=\"elementor-widget-container\">\n\t\t\t\t\t\t\t<div class=\"e-n-accordion\" aria-label=\"Prices\">\n\t\t\t\t\t\t<details id=\"e-n-accordion-item-2110\" class=\"e-n-accordion-item\" >\n\t\t\t\t<summary class=\"e-n-accordion-item-title\" data-accordion-index=\"1\" tabindex=\"0\" aria-expanded=\"false\" aria-controls=\"e-n-accordion-item-2110\" >\n\t\t\t\t\t<span class='e-n-accordion-item-title-header'><div class=\"e-n-accordion-item-title-text\"> Prices <\/div><\/span>\n\t\t\t\t\t\t\t<span class='e-n-accordion-item-title-icon'>\n\t\t\t<span class='e-opened' ><svg aria-hidden=\"true\" class=\"e-font-icon-svg e-fas-arrow-down\" viewbox=\"0 0 448 512\" xmlns=\"http:\/\/www.w3.org\/2000\/svg\"><path d=\"M413.1 222.5l22.2 22.2c9.4 9.4 9.4 24.6 0 33.9L241 473c-9.4 9.4-24.6 9.4-33.9 0L12.7 278.6c-9.4-9.4-9.4-24.6 0-33.9l22.2-22.2c9.5-9.5 25-9.3 34.3.4L184 343.4V56c0-13.3 10.7-24 24-24h32c13.3 0 24 10.7 24 24v287.4l114.8-120.5c9.3-9.8 24.8-10 34.3-.4z\"><\/path><\/svg><\/span>\n\t\t\t<span class='e-closed'><svg aria-hidden=\"true\" class=\"e-font-icon-svg e-fas-arrow-right\" viewbox=\"0 0 448 512\" xmlns=\"http:\/\/www.w3.org\/2000\/svg\"><path d=\"M190.5 66.9l22.2-22.2c9.4-9.4 24.6-9.4 33.9 0L441 239c9.4 9.4 9.4 24.6 0 33.9L246.6 467.3c-9.4 9.4-24.6 9.4-33.9 0l-22.2-22.2c-9.5-9.5-9.3-25 .4-34.3L311.4 296H24c-13.3 0-24-10.7-24-24v-32c0-13.3 10.7-24 24-24h287.4L190.9 101.2c-9.8-9.3-10-24.8-.4-34.3z\"><\/path><\/svg><\/span>\n\t\t<\/span>\n\n\t\t\t\t\t\t<\/summary>\n\t\t\t\t<div role=\"region\" aria-labelledby=\"e-n-accordion-item-2110\" class=\"elementor-element elementor-element-726e524 e-con-full e-flex e-con e-child\" data-id=\"726e524\" data-element_type=\"container\" data-settings=\"{&quot;background_background&quot;:&quot;classic&quot;}\">\n\t\t<div role=\"region\" aria-labelledby=\"e-n-accordion-item-2110\" class=\"elementor-element elementor-element-f92d4cb e-flex e-con-boxed e-con e-child\" data-id=\"f92d4cb\" data-element_type=\"container\">\n\t\t\t\t\t<div class=\"e-con-inner\">\n\t\t\t\t<div class=\"elementor-element elementor-element-d7c7ccb elementor-widget elementor-widget-text-editor\" data-id=\"d7c7ccb\" data-element_type=\"widget\" data-widget_type=\"text-editor.default\">\n\t\t\t\t<div class=\"elementor-widget-container\">\n\t\t\t\t\t\t\t\t\t<p class=\"p1\">Curettage of one tooth: \u20ac39<\/p><p>Quarter-mouth flap surgery: \u20ac200<\/p><p>Flap surgery in one jaw area: \u20ac200<\/p><p>Complex flap surgery in one jaw area: \u20ac250<\/p><p>Clinical crown lengthening: \u20ac99<\/p><p>Gingival recession plastic surgery: \u20ac330<\/p><p>Tooth filling (per tooth): \u20ac60<\/p><p>Tooth root amputation: \u20ac110<\/p><p>Supportive periodontal therapy: \u20ac110<\/p><p>Tooth splinting with fiberglass tape: \u20ac200<\/p>\t\t\t\t\t\t\t\t<\/div>\n\t\t\t\t<\/div>\n\t\t\t\t\t<\/div>\n\t\t\t\t<\/div>\n\t\t\t\t<\/div>\n\t\t\t\t\t<\/details>\n\t\t\t\t\t<\/div>\n\t\t\t\t\t\t<\/div>\n\t\t\t\t<\/div>\n\t\t\t\t\t<\/div>\n\t\t\t\t<\/div>\n\t\t<div class=\"elementor-element elementor-element-5c9cdfc1 e-flex e-con-boxed e-con e-parent\" data-id=\"5c9cdfc1\" data-element_type=\"container\" data-settings=\"{&quot;background_background&quot;:&quot;classic&quot;}\">\n\t\t\t\t\t<div class=\"e-con-inner\">\n\t\t<div class=\"elementor-element elementor-element-6b1bd391 e-con-full e-flex e-con e-child\" data-id=\"6b1bd391\" data-element_type=\"container\">\n\t\t\t\t<div class=\"elementor-element elementor-element-5279d6e3 elementor-widget elementor-widget-heading\" data-id=\"5279d6e3\" data-element_type=\"widget\" data-widget_type=\"heading.default\">\n\t\t\t\t<div class=\"elementor-widget-container\">\n\t\t\t\t\t<h2 class=\"elementor-heading-title elementor-size-default\">A Modern clinic, where you will find your own doctor.<\/h2>\t\t\t\t<\/div>\n\t\t\t\t<\/div>\n\t\t\t\t<\/div>\n\t\t<div class=\"elementor-element elementor-element-1f11817f e-con-full e-flex e-con e-child\" data-id=\"1f11817f\" data-element_type=\"container\">\n\t\t\t\t<div class=\"elementor-element elementor-element-33c6ea6c elementor-align-center elementor-widget elementor-widget-button\" data-id=\"33c6ea6c\" data-element_type=\"widget\" data-widget_type=\"button.default\">\n\t\t\t\t<div class=\"elementor-widget-container\">\n\t\t\t\t\t\t\t\t\t<div class=\"elementor-button-wrapper\">\n\t\t\t\t\t<a class=\"elementor-button elementor-button-link elementor-size-sm\" href=\"https:\/\/muk.lt\/en\/kontaktai\/\">\n\t\t\t\t\t\t<span class=\"elementor-button-content-wrapper\">\n\t\t\t\t\t\t\t\t\t<span class=\"elementor-button-text\">Register here<\/span>\n\t\t\t\t\t<\/span>\n\t\t\t\t\t<\/a>\n\t\t\t\t<\/div>\n\t\t\t\t\t\t\t\t<\/div>\n\t\t\t\t<\/div>\n\t\t\t\t<\/div>\n\t\t\t\t\t<\/div>\n\t\t\t\t<\/div>\n\t\t\t\t<\/div>","protected":false},"excerpt":{"rendered":"<p>PERIODONTOLOGINIS GYDYMAS Pagrindinis Periodontologinis gydymas R\u016bpinantis burnos sveikata d\u0117mes\u012f atkreipti reikia ne tik \u012f danties emalio vientisum\u0105, \u0117duonies prevencij\u0105 bei gydym\u0105, bet ir danten\u0173 ir prie dant\u0173 esan\u010di\u0173 kaul\u0173 b\u016bkl\u0119. Negydomos periodontologin\u0117s ligos gali lemti net visi\u0161kai sveik\u0173, niekuomet neplombuot\u0173 dant\u0173 praradim\u0105, ta\u010diau tinkamai pri\u017ei\u016brint burnos ertm\u0119 esant \u0161ioms l\u0117tin\u0117ms ligoms galima pasiekti puiki\u0173 rezultat\u0173 [&hellip;]<\/p>","protected":false},"author":1,"featured_media":0,"parent":0,"menu_order":0,"comment_status":"closed","ping_status":"closed","template":"elementor_header_footer","meta":{"footnotes":"","_wp_rev_ctl_limit":""},"class_list":["post-1344","page","type-page","status-publish","hentry"],"_links":{"self":[{"href":"https:\/\/muk.lt\/en\/wp-json\/wp\/v2\/pages\/1344","targetHints":{"allow":["GET"]}}],"collection":[{"href":"https:\/\/muk.lt\/en\/wp-json\/wp\/v2\/pages"}],"about":[{"href":"https:\/\/muk.lt\/en\/wp-json\/wp\/v2\/types\/page"}],"author":[{"embeddable":true,"href":"https:\/\/muk.lt\/en\/wp-json\/wp\/v2\/users\/1"}],"replies":[{"embeddable":true,"href":"https:\/\/muk.lt\/en\/wp-json\/wp\/v2\/comments?post=1344"}],"version-history":[{"count":3,"href":"https:\/\/muk.lt\/en\/wp-json\/wp\/v2\/pages\/1344\/revisions"}],"predecessor-version":[{"id":2038,"href":"https:\/\/muk.lt\/en\/wp-json\/wp\/v2\/pages\/1344\/revisions\/2038"}],"wp:attachment":[{"href":"https:\/\/muk.lt\/en\/wp-json\/wp\/v2\/media?parent=1344"}],"curies":[{"name":"wp","href":"https:\/\/api.w.org\/{rel}","templated":true}]}}