{"id":1241,"date":"2024-07-22T06:08:18","date_gmt":"2024-07-22T06:08:18","guid":{"rendered":"https:\/\/muk.lt\/?page_id=1241"},"modified":"2025-04-01T12:16:31","modified_gmt":"2025-04-01T09:16:31","slug":"paslauga-dantu-balinimas","status":"publish","type":"page","link":"https:\/\/muk.lt\/en\/paslauga-dantu-balinimas\/","title":{"rendered":"Teeth Whitening"},"content":{"rendered":"<div data-elementor-type=\"wp-page\" data-elementor-id=\"1241\" class=\"elementor elementor-1241\" data-elementor-post-type=\"page\">\n\t\t\t\t<div class=\"elementor-element elementor-element-2a55fc3c e-flex e-con-boxed e-con e-parent\" data-id=\"2a55fc3c\" data-element_type=\"container\" data-settings=\"{&quot;background_background&quot;:&quot;classic&quot;}\">\n\t\t\t\t\t<div class=\"e-con-inner\">\n\t\t\t\t<div class=\"elementor-element elementor-element-193b5099 elementor-widget__width-auto elementor-widget elementor-widget-heading\" data-id=\"193b5099\" data-element_type=\"widget\" data-widget_type=\"heading.default\">\n\t\t\t\t<div class=\"elementor-widget-container\">\n\t\t\t\t\t<h3 class=\"elementor-heading-title elementor-size-default\">Teeth Whitening<\/h3>\t\t\t\t<\/div>\n\t\t\t\t<\/div>\n\t\t\t\t\t<\/div>\n\t\t\t\t<\/div>\n\t\t<div class=\"elementor-element elementor-element-745d6375 e-con-full e-flex e-con e-parent\" data-id=\"745d6375\" data-element_type=\"container\">\n\t\t<div class=\"elementor-element elementor-element-44c035e4 e-con-full e-flex e-con e-child\" data-id=\"44c035e4\" data-element_type=\"container\">\n\t\t\t\t<\/div>\n\t\t<div class=\"elementor-element elementor-element-163db543 e-con-full e-flex e-con e-child\" data-id=\"163db543\" data-element_type=\"container\" data-settings=\"{&quot;background_background&quot;:&quot;classic&quot;}\">\n\t\t\t\t<div class=\"elementor-element elementor-element-76bf33ce elementor-align-justify elementor-widget elementor-widget-button\" data-id=\"76bf33ce\" data-element_type=\"widget\" data-widget_type=\"button.default\">\n\t\t\t\t<div class=\"elementor-widget-container\">\n\t\t\t\t\t\t\t\t\t<div class=\"elementor-button-wrapper\">\n\t\t\t\t\t<a class=\"elementor-button elementor-button-link elementor-size-sm\" href=\"https:\/\/muk.lt\/en\">\n\t\t\t\t\t\t<span class=\"elementor-button-content-wrapper\">\n\t\t\t\t\t\t<span class=\"elementor-button-icon\">\n\t\t\t\t<svg aria-hidden=\"true\" class=\"e-font-icon-svg e-fas-greater-than\" viewbox=\"0 0 384 512\" xmlns=\"http:\/\/www.w3.org\/2000\/svg\"><path d=\"M365.52 209.85L59.22 67.01c-16.06-7.49-35.15-.54-42.64 15.52L3.01 111.61c-7.49 16.06-.54 35.15 15.52 42.64L236.96 256.1 18.49 357.99C2.47 365.46-4.46 384.5 3.01 400.52l13.52 29C24 445.54 43.04 452.47 59.06 445l306.47-142.91a32.003 32.003 0 0 0 18.48-29v-34.23c-.01-12.45-7.21-23.76-18.49-29.01z\"><\/path><\/svg>\t\t\t<\/span>\n\t\t\t\t\t\t\t\t\t<span class=\"elementor-button-text\">Home page<\/span>\n\t\t\t\t\t<\/span>\n\t\t\t\t\t<\/a>\n\t\t\t\t<\/div>\n\t\t\t\t\t\t\t\t<\/div>\n\t\t\t\t<\/div>\n\t\t\t\t<\/div>\n\t\t\t\t<\/div>\n\t\t<div class=\"elementor-element elementor-element-33038257 e-flex e-con-boxed e-con e-parent\" data-id=\"33038257\" data-element_type=\"container\">\n\t\t\t\t\t<div class=\"e-con-inner\">\n\t\t<div class=\"elementor-element elementor-element-2fa621f e-con-full e-flex e-con e-child\" data-id=\"2fa621f\" data-element_type=\"container\">\n\t\t\t\t<div class=\"elementor-element elementor-element-2b37e6f3 elementor-widget elementor-widget-image-carousel\" data-id=\"2b37e6f3\" data-element_type=\"widget\" data-settings=\"{&quot;slides_to_show&quot;:&quot;1&quot;,&quot;navigation&quot;:&quot;none&quot;,&quot;autoplay&quot;:&quot;yes&quot;,&quot;pause_on_hover&quot;:&quot;yes&quot;,&quot;pause_on_interaction&quot;:&quot;yes&quot;,&quot;autoplay_speed&quot;:5000,&quot;infinite&quot;:&quot;yes&quot;,&quot;effect&quot;:&quot;slide&quot;,&quot;speed&quot;:500}\" data-widget_type=\"image-carousel.default\">\n\t\t\t\t<div class=\"elementor-widget-container\">\n\t\t\t\t\t\t\t<div class=\"elementor-image-carousel-wrapper swiper\" role=\"region\" aria-roledescription=\"carousel\" aria-label=\"Image Carousel\" dir=\"ltr\" data-no-translation-aria-label=\"\">\n\t\t\t<div class=\"elementor-image-carousel swiper-wrapper\" aria-live=\"off\">\n\t\t\t\t\t\t\t\t<div class=\"swiper-slide\" role=\"group\" aria-roledescription=\"slide\" aria-label=\"1 of 1\" data-no-translation-aria-label=\"\"><figure class=\"swiper-slide-inner\"><img decoding=\"async\" class=\"swiper-slide-image\" src=\"https:\/\/muk.lt\/wp-content\/uploads\/2024\/07\/s-7.webp\" alt=\"s-7\" \/><\/figure><\/div>\t\t\t<\/div>\n\t\t\t\t\t<\/div>\n\t\t\t\t\t\t<\/div>\n\t\t\t\t<\/div>\n\t\t\t\t<\/div>\n\t\t<div class=\"elementor-element elementor-element-6df001e5 e-con-full e-flex e-con e-child\" data-id=\"6df001e5\" data-element_type=\"container\">\n\t\t\t\t<div class=\"elementor-element elementor-element-79dceb3a elementor-widget elementor-widget-heading\" data-id=\"79dceb3a\" data-element_type=\"widget\" data-widget_type=\"heading.default\">\n\t\t\t\t<div class=\"elementor-widget-container\">\n\t\t\t\t\t<h2 class=\"elementor-heading-title elementor-size-default\">Teeth Whitening<\/h2>\t\t\t\t<\/div>\n\t\t\t\t<\/div>\n\t\t\t\t<div class=\"elementor-element elementor-element-6f792dd6 elementor-widget elementor-widget-text-editor\" data-id=\"6f792dd6\" data-element_type=\"widget\" data-widget_type=\"text-editor.default\">\n\t\t\t\t<div class=\"elementor-widget-container\">\n\t\t\t\t\t\t\t\t\t<p>Teeth whitening is an aesthetic procedure that lightens the teeth and gives them a solid colour. In some cases, to achieve the best result, this procedure is performed before dental prosthetics or aesthetic fillings.\u00a0<\/p><p>\u00a0<\/p><p>Before undergoing teeth whitening, it is important to remember that fillings, crowns, or veneers do not whiten, so they may need to be replaced after the whitening procedure. The effect of teeth whitening is individual and depends on the patient's enamel structure, diet, harmful habits, and age. It is also essential to ensure that the patient's teeth are not affected by cavities and, if necessary, to perform a professional oral hygiene procedure. Once good oral health is confirmed, a specialist will select the appropriate products and methods for whitening your teeth during a consultation.\u00a0<\/p>\t\t\t\t\t\t\t\t<\/div>\n\t\t\t\t<\/div>\n\t\t\t\t<\/div>\n\t\t\t\t\t<\/div>\n\t\t\t\t<\/div>\n\t\t<div class=\"elementor-element elementor-element-23b410e5 e-flex e-con-boxed e-con e-parent\" data-id=\"23b410e5\" data-element_type=\"container\">\n\t\t\t\t\t<div class=\"e-con-inner\">\n\t\t\t\t<div class=\"elementor-element elementor-element-3b212be0 elementor-widget elementor-widget-n-accordion\" data-id=\"3b212be0\" data-element_type=\"widget\" data-settings=\"{&quot;default_state&quot;:&quot;all_collapsed&quot;,&quot;max_items_expended&quot;:&quot;one&quot;,&quot;n_accordion_animation_duration&quot;:{&quot;unit&quot;:&quot;ms&quot;,&quot;size&quot;:400,&quot;sizes&quot;:[]}}\" data-widget_type=\"nested-accordion.default\">\n\t\t\t\t<div class=\"elementor-widget-container\">\n\t\t\t\t\t\t\t<div class=\"e-n-accordion\" aria-label=\"Prices\">\n\t\t\t\t\t\t<details id=\"e-n-accordion-item-9920\" class=\"e-n-accordion-item\" >\n\t\t\t\t<summary class=\"e-n-accordion-item-title\" data-accordion-index=\"1\" tabindex=\"0\" aria-expanded=\"false\" aria-controls=\"e-n-accordion-item-9920\" >\n\t\t\t\t\t<span class='e-n-accordion-item-title-header'><div class=\"e-n-accordion-item-title-text\"> In-Office Teeth Whitening <\/div><\/span>\n\t\t\t\t\t\t\t<span class='e-n-accordion-item-title-icon'>\n\t\t\t<span class='e-opened' ><svg aria-hidden=\"true\" class=\"e-font-icon-svg e-fas-arrow-down\" viewbox=\"0 0 448 512\" xmlns=\"http:\/\/www.w3.org\/2000\/svg\"><path d=\"M413.1 222.5l22.2 22.2c9.4 9.4 9.4 24.6 0 33.9L241 473c-9.4 9.4-24.6 9.4-33.9 0L12.7 278.6c-9.4-9.4-9.4-24.6 0-33.9l22.2-22.2c9.5-9.5 25-9.3 34.3.4L184 343.4V56c0-13.3 10.7-24 24-24h32c13.3 0 24 10.7 24 24v287.4l114.8-120.5c9.3-9.8 24.8-10 34.3-.4z\"><\/path><\/svg><\/span>\n\t\t\t<span class='e-closed'><svg aria-hidden=\"true\" class=\"e-font-icon-svg e-fas-arrow-right\" viewbox=\"0 0 448 512\" xmlns=\"http:\/\/www.w3.org\/2000\/svg\"><path d=\"M190.5 66.9l22.2-22.2c9.4-9.4 24.6-9.4 33.9 0L441 239c9.4 9.4 9.4 24.6 0 33.9L246.6 467.3c-9.4 9.4-24.6 9.4-33.9 0l-22.2-22.2c-9.5-9.5-9.3-25 .4-34.3L311.4 296H24c-13.3 0-24-10.7-24-24v-32c0-13.3 10.7-24 24-24h287.4L190.9 101.2c-9.8-9.3-10-24.8-.4-34.3z\"><\/path><\/svg><\/span>\n\t\t<\/span>\n\n\t\t\t\t\t\t<\/summary>\n\t\t\t\t<div role=\"region\" aria-labelledby=\"e-n-accordion-item-9920\" class=\"elementor-element elementor-element-5fffd109 e-con-full e-flex e-con e-child\" data-id=\"5fffd109\" data-element_type=\"container\" data-settings=\"{&quot;background_background&quot;:&quot;classic&quot;}\">\n\t\t<div role=\"region\" aria-labelledby=\"e-n-accordion-item-9920\" class=\"elementor-element elementor-element-4e3426e5 e-flex e-con-boxed e-con e-child\" data-id=\"4e3426e5\" data-element_type=\"container\">\n\t\t\t\t\t<div class=\"e-con-inner\">\n\t\t\t\t<div class=\"elementor-element elementor-element-5e2e9290 elementor-widget elementor-widget-text-editor\" data-id=\"5e2e9290\" data-element_type=\"widget\" data-widget_type=\"text-editor.default\">\n\t\t\t\t<div class=\"elementor-widget-container\">\n\t\t\t\t\t\t\t\t\t<p>The procedure takes up to 1.5 hours. This method causes less tooth sensitivity than other whitening procedures typically performed in a dental office. During the procedure, the gums are protected with a special material, and a higher concentration gel is used to achieve effective results.\u00a0<\/p><p>\u00a0<\/p><p>The gel is activated by cold, blue LED light. The whitening agent does not enter the body. The initial results are visible immediately, with the final outcome appearing after 48 hours, as the whitening agents continue to work. At the end of the procedure, the teeth are coated with a desensitising gel to ensure there is no discomfort.\u00a0<\/p><p>\u00a0<\/p><p>After the whitening procedure, teeth may be slightly sensitive, but this sensitivity will disappear within a few days. It is recommended to avoid highly staining foods and drinks (such as coffee and red wine) and to refrain from smoking.<\/p>\t\t\t\t\t\t\t\t<\/div>\n\t\t\t\t<\/div>\n\t\t\t\t\t<\/div>\n\t\t\t\t<\/div>\n\t\t\t\t<\/div>\n\t\t\t\t\t<\/details>\n\t\t\t\t\t<\/div>\n\t\t\t\t\t\t<\/div>\n\t\t\t\t<\/div>\n\t\t\t\t<div class=\"elementor-element elementor-element-ce01eb3 elementor-widget elementor-widget-n-accordion\" data-id=\"ce01eb3\" data-element_type=\"widget\" data-settings=\"{&quot;default_state&quot;:&quot;all_collapsed&quot;,&quot;max_items_expended&quot;:&quot;one&quot;,&quot;n_accordion_animation_duration&quot;:{&quot;unit&quot;:&quot;ms&quot;,&quot;size&quot;:400,&quot;sizes&quot;:[]}}\" data-widget_type=\"nested-accordion.default\">\n\t\t\t\t<div class=\"elementor-widget-container\">\n\t\t\t\t\t\t\t<div class=\"e-n-accordion\" aria-label=\"Prices\">\n\t\t\t\t\t\t<details id=\"e-n-accordion-item-2160\" class=\"e-n-accordion-item\" >\n\t\t\t\t<summary class=\"e-n-accordion-item-title\" data-accordion-index=\"1\" tabindex=\"0\" aria-expanded=\"false\" aria-controls=\"e-n-accordion-item-2160\" >\n\t\t\t\t\t<span class='e-n-accordion-item-title-header'><div class=\"e-n-accordion-item-title-text\"> At-Home Teeth Whitening with Trays <\/div><\/span>\n\t\t\t\t\t\t\t<span class='e-n-accordion-item-title-icon'>\n\t\t\t<span class='e-opened' ><svg aria-hidden=\"true\" class=\"e-font-icon-svg e-fas-arrow-down\" viewbox=\"0 0 448 512\" xmlns=\"http:\/\/www.w3.org\/2000\/svg\"><path d=\"M413.1 222.5l22.2 22.2c9.4 9.4 9.4 24.6 0 33.9L241 473c-9.4 9.4-24.6 9.4-33.9 0L12.7 278.6c-9.4-9.4-9.4-24.6 0-33.9l22.2-22.2c9.5-9.5 25-9.3 34.3.4L184 343.4V56c0-13.3 10.7-24 24-24h32c13.3 0 24 10.7 24 24v287.4l114.8-120.5c9.3-9.8 24.8-10 34.3-.4z\"><\/path><\/svg><\/span>\n\t\t\t<span class='e-closed'><svg aria-hidden=\"true\" class=\"e-font-icon-svg e-fas-arrow-right\" viewbox=\"0 0 448 512\" xmlns=\"http:\/\/www.w3.org\/2000\/svg\"><path d=\"M190.5 66.9l22.2-22.2c9.4-9.4 24.6-9.4 33.9 0L441 239c9.4 9.4 9.4 24.6 0 33.9L246.6 467.3c-9.4 9.4-24.6 9.4-33.9 0l-22.2-22.2c-9.5-9.5-9.3-25 .4-34.3L311.4 296H24c-13.3 0-24-10.7-24-24v-32c0-13.3 10.7-24 24-24h287.4L190.9 101.2c-9.8-9.3-10-24.8-.4-34.3z\"><\/path><\/svg><\/span>\n\t\t<\/span>\n\n\t\t\t\t\t\t<\/summary>\n\t\t\t\t<div role=\"region\" aria-labelledby=\"e-n-accordion-item-2160\" class=\"elementor-element elementor-element-c38ee66 e-con-full e-flex e-con e-child\" data-id=\"c38ee66\" data-element_type=\"container\" data-settings=\"{&quot;background_background&quot;:&quot;classic&quot;}\">\n\t\t<div role=\"region\" aria-labelledby=\"e-n-accordion-item-2160\" class=\"elementor-element elementor-element-6c0b08c e-flex e-con-boxed e-con e-child\" data-id=\"6c0b08c\" data-element_type=\"container\">\n\t\t\t\t\t<div class=\"e-con-inner\">\n\t\t\t\t<div class=\"elementor-element elementor-element-d5bdb0f elementor-widget elementor-widget-text-editor\" data-id=\"d5bdb0f\" data-element_type=\"widget\" data-widget_type=\"text-editor.default\">\n\t\t\t\t<div class=\"elementor-widget-container\">\n\t\t\t\t\t\t\t\t\t<p>For this method, impressions of the upper and lower jaws are taken, and custom-fit, nearly invisible whitening trays are made in the laboratory for each patient. At home, the trays are filled with a whitening gel prescribed by the dentist and then placed over the teeth.\u00a0<\/p><p>\u00a0<\/p><p>The trays should be worn for at least 4 hours per day or overnight. This gradual whitening method achieves the desired effect through repeated procedures over a course of 10 to 14 days. Results can be seen after just two weeks.\u00a0\u00a0<\/p><p>\u00a0<\/p><p>If the teeth become very sensitive, it is advisable to take a one or two-day break between whitening sessions.\u00a0<\/p><p>\u00a0<\/p><p>It is recommended to avoid highly staining foods and smoking during the treatment period.<\/p>\t\t\t\t\t\t\t\t<\/div>\n\t\t\t\t<\/div>\n\t\t\t\t\t<\/div>\n\t\t\t\t<\/div>\n\t\t\t\t<\/div>\n\t\t\t\t\t<\/details>\n\t\t\t\t\t<\/div>\n\t\t\t\t\t\t<\/div>\n\t\t\t\t<\/div>\n\t\t\t\t<div class=\"elementor-element elementor-element-6a0ec23 elementor-widget elementor-widget-n-accordion\" data-id=\"6a0ec23\" data-element_type=\"widget\" data-settings=\"{&quot;default_state&quot;:&quot;all_collapsed&quot;,&quot;max_items_expended&quot;:&quot;one&quot;,&quot;n_accordion_animation_duration&quot;:{&quot;unit&quot;:&quot;ms&quot;,&quot;size&quot;:400,&quot;sizes&quot;:[]}}\" data-widget_type=\"nested-accordion.default\">\n\t\t\t\t<div class=\"elementor-widget-container\">\n\t\t\t\t\t\t\t<div class=\"e-n-accordion\" aria-label=\"Prices\">\n\t\t\t\t\t\t<details id=\"e-n-accordion-item-1110\" class=\"e-n-accordion-item\" >\n\t\t\t\t<summary class=\"e-n-accordion-item-title\" data-accordion-index=\"1\" tabindex=\"0\" aria-expanded=\"false\" aria-controls=\"e-n-accordion-item-1110\" >\n\t\t\t\t\t<span class='e-n-accordion-item-title-header'><div class=\"e-n-accordion-item-title-text\"> Who Should Avoid Teeth Whitening <\/div><\/span>\n\t\t\t\t\t\t\t<span class='e-n-accordion-item-title-icon'>\n\t\t\t<span class='e-opened' ><svg aria-hidden=\"true\" class=\"e-font-icon-svg e-fas-arrow-down\" viewbox=\"0 0 448 512\" xmlns=\"http:\/\/www.w3.org\/2000\/svg\"><path d=\"M413.1 222.5l22.2 22.2c9.4 9.4 9.4 24.6 0 33.9L241 473c-9.4 9.4-24.6 9.4-33.9 0L12.7 278.6c-9.4-9.4-9.4-24.6 0-33.9l22.2-22.2c9.5-9.5 25-9.3 34.3.4L184 343.4V56c0-13.3 10.7-24 24-24h32c13.3 0 24 10.7 24 24v287.4l114.8-120.5c9.3-9.8 24.8-10 34.3-.4z\"><\/path><\/svg><\/span>\n\t\t\t<span class='e-closed'><svg aria-hidden=\"true\" class=\"e-font-icon-svg e-fas-arrow-right\" viewbox=\"0 0 448 512\" xmlns=\"http:\/\/www.w3.org\/2000\/svg\"><path d=\"M190.5 66.9l22.2-22.2c9.4-9.4 24.6-9.4 33.9 0L441 239c9.4 9.4 9.4 24.6 0 33.9L246.6 467.3c-9.4 9.4-24.6 9.4-33.9 0l-22.2-22.2c-9.5-9.5-9.3-25 .4-34.3L311.4 296H24c-13.3 0-24-10.7-24-24v-32c0-13.3 10.7-24 24-24h287.4L190.9 101.2c-9.8-9.3-10-24.8-.4-34.3z\"><\/path><\/svg><\/span>\n\t\t<\/span>\n\n\t\t\t\t\t\t<\/summary>\n\t\t\t\t<div role=\"region\" aria-labelledby=\"e-n-accordion-item-1110\" class=\"elementor-element elementor-element-30ca1fa e-con-full e-flex e-con e-child\" data-id=\"30ca1fa\" data-element_type=\"container\" data-settings=\"{&quot;background_background&quot;:&quot;classic&quot;}\">\n\t\t<div role=\"region\" aria-labelledby=\"e-n-accordion-item-1110\" class=\"elementor-element elementor-element-da58570 e-flex e-con-boxed e-con e-child\" data-id=\"da58570\" data-element_type=\"container\">\n\t\t\t\t\t<div class=\"e-con-inner\">\n\t\t\t\t<div class=\"elementor-element elementor-element-01ee1bd elementor-widget elementor-widget-text-editor\" data-id=\"01ee1bd\" data-element_type=\"widget\" data-widget_type=\"text-editor.default\">\n\t\t\t\t<div class=\"elementor-widget-container\">\n\t\t\t\t\t\t\t\t\t<p>Children under 18 years of age.<\/p><p>Individuals with gum disease.<\/p><p>Pregnant women and breastfeeding mothers.<\/p><p>Individuals allergic to peroxide.<\/p><p>Those with worn-down and sensitive teeth.<\/p><p>Individuals with extensive gum recession.<\/p><p>Individuals wearing braces.<\/p>\t\t\t\t\t\t\t\t<\/div>\n\t\t\t\t<\/div>\n\t\t\t\t\t<\/div>\n\t\t\t\t<\/div>\n\t\t\t\t<\/div>\n\t\t\t\t\t<\/details>\n\t\t\t\t\t<\/div>\n\t\t\t\t\t\t<\/div>\n\t\t\t\t<\/div>\n\t\t\t\t<div class=\"elementor-element elementor-element-3a57736 elementor-widget elementor-widget-n-accordion\" data-id=\"3a57736\" data-element_type=\"widget\" data-settings=\"{&quot;default_state&quot;:&quot;all_collapsed&quot;,&quot;max_items_expended&quot;:&quot;one&quot;,&quot;n_accordion_animation_duration&quot;:{&quot;unit&quot;:&quot;ms&quot;,&quot;size&quot;:400,&quot;sizes&quot;:[]}}\" data-widget_type=\"nested-accordion.default\">\n\t\t\t\t<div class=\"elementor-widget-container\">\n\t\t\t\t\t\t\t<div class=\"e-n-accordion\" aria-label=\"Prices\">\n\t\t\t\t\t\t<details id=\"e-n-accordion-item-6110\" class=\"e-n-accordion-item\" >\n\t\t\t\t<summary class=\"e-n-accordion-item-title\" data-accordion-index=\"1\" tabindex=\"0\" aria-expanded=\"false\" aria-controls=\"e-n-accordion-item-6110\" >\n\t\t\t\t\t<span class='e-n-accordion-item-title-header'><div class=\"e-n-accordion-item-title-text\"> Prices <\/div><\/span>\n\t\t\t\t\t\t\t<span class='e-n-accordion-item-title-icon'>\n\t\t\t<span class='e-opened' ><svg aria-hidden=\"true\" class=\"e-font-icon-svg e-fas-arrow-down\" viewbox=\"0 0 448 512\" xmlns=\"http:\/\/www.w3.org\/2000\/svg\"><path d=\"M413.1 222.5l22.2 22.2c9.4 9.4 9.4 24.6 0 33.9L241 473c-9.4 9.4-24.6 9.4-33.9 0L12.7 278.6c-9.4-9.4-9.4-24.6 0-33.9l22.2-22.2c9.5-9.5 25-9.3 34.3.4L184 343.4V56c0-13.3 10.7-24 24-24h32c13.3 0 24 10.7 24 24v287.4l114.8-120.5c9.3-9.8 24.8-10 34.3-.4z\"><\/path><\/svg><\/span>\n\t\t\t<span class='e-closed'><svg aria-hidden=\"true\" class=\"e-font-icon-svg e-fas-arrow-right\" viewbox=\"0 0 448 512\" xmlns=\"http:\/\/www.w3.org\/2000\/svg\"><path d=\"M190.5 66.9l22.2-22.2c9.4-9.4 24.6-9.4 33.9 0L441 239c9.4 9.4 9.4 24.6 0 33.9L246.6 467.3c-9.4 9.4-24.6 9.4-33.9 0l-22.2-22.2c-9.5-9.5-9.3-25 .4-34.3L311.4 296H24c-13.3 0-24-10.7-24-24v-32c0-13.3 10.7-24 24-24h287.4L190.9 101.2c-9.8-9.3-10-24.8-.4-34.3z\"><\/path><\/svg><\/span>\n\t\t<\/span>\n\n\t\t\t\t\t\t<\/summary>\n\t\t\t\t<div role=\"region\" aria-labelledby=\"e-n-accordion-item-6110\" class=\"elementor-element elementor-element-94218e3 e-con-full e-flex e-con e-child\" data-id=\"94218e3\" data-element_type=\"container\" data-settings=\"{&quot;background_background&quot;:&quot;classic&quot;}\">\n\t\t<div role=\"region\" aria-labelledby=\"e-n-accordion-item-6110\" class=\"elementor-element elementor-element-ba75222 e-flex e-con-boxed e-con e-child\" data-id=\"ba75222\" data-element_type=\"container\">\n\t\t\t\t\t<div class=\"e-con-inner\">\n\t\t\t\t<div class=\"elementor-element elementor-element-3e0b3a2 elementor-widget elementor-widget-text-editor\" data-id=\"3e0b3a2\" data-element_type=\"widget\" data-widget_type=\"text-editor.default\">\n\t\t\t\t<div class=\"elementor-widget-container\">\n\t\t\t\t\t\t\t\t\t<p>In-Office Teeth Whitening: \u20ac210<\/p><p>Teeth whitening with trays (one jaw): \u20ac80<\/p><p>Teeth whitening with trays (both jaws): \u20ac140<\/p><p>Attachment of dental jewelry: \u20ac68<\/p>\t\t\t\t\t\t\t\t<\/div>\n\t\t\t\t<\/div>\n\t\t\t\t\t<\/div>\n\t\t\t\t<\/div>\n\t\t\t\t<\/div>\n\t\t\t\t\t<\/details>\n\t\t\t\t\t<\/div>\n\t\t\t\t\t\t<\/div>\n\t\t\t\t<\/div>\n\t\t\t\t\t<\/div>\n\t\t\t\t<\/div>\n\t\t<div class=\"elementor-element elementor-element-14365120 e-flex e-con-boxed e-con e-parent\" data-id=\"14365120\" data-element_type=\"container\" data-settings=\"{&quot;background_background&quot;:&quot;classic&quot;}\">\n\t\t\t\t\t<div class=\"e-con-inner\">\n\t\t<div class=\"elementor-element elementor-element-6bede727 e-con-full e-flex e-con e-child\" data-id=\"6bede727\" data-element_type=\"container\">\n\t\t\t\t<div class=\"elementor-element elementor-element-1d83a2d3 elementor-widget elementor-widget-heading\" data-id=\"1d83a2d3\" data-element_type=\"widget\" data-widget_type=\"heading.default\">\n\t\t\t\t<div class=\"elementor-widget-container\">\n\t\t\t\t\t<h2 class=\"elementor-heading-title elementor-size-default\">A Modern clinic, where you will find your own doctor.<\/h2>\t\t\t\t<\/div>\n\t\t\t\t<\/div>\n\t\t\t\t<\/div>\n\t\t<div class=\"elementor-element elementor-element-423c342a e-con-full e-flex e-con e-child\" data-id=\"423c342a\" data-element_type=\"container\">\n\t\t\t\t<div class=\"elementor-element elementor-element-4e2ac86d elementor-align-center elementor-widget elementor-widget-button\" data-id=\"4e2ac86d\" data-element_type=\"widget\" data-widget_type=\"button.default\">\n\t\t\t\t<div class=\"elementor-widget-container\">\n\t\t\t\t\t\t\t\t\t<div class=\"elementor-button-wrapper\">\n\t\t\t\t\t<a class=\"elementor-button elementor-button-link elementor-size-sm\" href=\"https:\/\/muk.lt\/en\/kontaktai\/\">\n\t\t\t\t\t\t<span class=\"elementor-button-content-wrapper\">\n\t\t\t\t\t\t\t\t\t<span class=\"elementor-button-text\">Register here<\/span>\n\t\t\t\t\t<\/span>\n\t\t\t\t\t<\/a>\n\t\t\t\t<\/div>\n\t\t\t\t\t\t\t\t<\/div>\n\t\t\t\t<\/div>\n\t\t\t\t<\/div>\n\t\t\t\t\t<\/div>\n\t\t\t\t<\/div>\n\t\t\t\t<\/div>","protected":false},"excerpt":{"rendered":"<p>DANT\u0172 BALINIMAS Pagrindinis DANT\u0172 BALINIMAS Dant\u0173 balinimas \u2013 tai estetin\u0117 proced\u016bra, kurios metu dantys pa\u0161viesinami, jiems suteikiama vientisa spalva. Kai kuriais atvejais, norint pasiekti geriausio rezultato,\u00a0 \u0161i proced\u016bra atliekama prie\u0161 dant\u0173 protezavim\u0105 ar estetin\u012f plombavim\u0105.\u00a0 \u00a0 Prie\u0161 darant dant\u0173 balinim\u0105 reikt\u0173 nepamir\u0161ti, kad plombos, vainik\u0117liai ar laminat\u0117s neb\u0105la, tad po dant\u0173 balinimo gali tekti juos [&hellip;]<\/p>","protected":false},"author":1,"featured_media":0,"parent":0,"menu_order":0,"comment_status":"closed","ping_status":"closed","template":"elementor_header_footer","meta":{"footnotes":"","_wp_rev_ctl_limit":""},"class_list":["post-1241","page","type-page","status-publish","hentry"],"_links":{"self":[{"href":"https:\/\/muk.lt\/en\/wp-json\/wp\/v2\/pages\/1241","targetHints":{"allow":["GET"]}}],"collection":[{"href":"https:\/\/muk.lt\/en\/wp-json\/wp\/v2\/pages"}],"about":[{"href":"https:\/\/muk.lt\/en\/wp-json\/wp\/v2\/types\/page"}],"author":[{"embeddable":true,"href":"https:\/\/muk.lt\/en\/wp-json\/wp\/v2\/users\/1"}],"replies":[{"embeddable":true,"href":"https:\/\/muk.lt\/en\/wp-json\/wp\/v2\/comments?post=1241"}],"version-history":[{"count":3,"href":"https:\/\/muk.lt\/en\/wp-json\/wp\/v2\/pages\/1241\/revisions"}],"predecessor-version":[{"id":2378,"href":"https:\/\/muk.lt\/en\/wp-json\/wp\/v2\/pages\/1241\/revisions\/2378"}],"wp:attachment":[{"href":"https:\/\/muk.lt\/en\/wp-json\/wp\/v2\/media?parent=1241"}],"curies":[{"name":"wp","href":"https:\/\/api.w.org\/{rel}","templated":true}]}}