{"id":1032,"date":"2024-07-21T13:01:48","date_gmt":"2024-07-21T13:01:48","guid":{"rendered":"https:\/\/muk.lt\/?page_id=1032"},"modified":"2024-07-30T15:30:59","modified_gmt":"2024-07-30T12:30:59","slug":"odontologo-puslapis-jonas-sutkus","status":"publish","type":"page","link":"https:\/\/muk.lt\/en\/odontologo-puslapis-jonas-sutkus\/","title":{"rendered":"Jonas Sutkus"},"content":{"rendered":"<div data-elementor-type=\"wp-page\" data-elementor-id=\"1032\" class=\"elementor elementor-1032\" data-elementor-post-type=\"page\">\n\t\t\t\t<div class=\"elementor-element elementor-element-26421adf e-flex e-con-boxed e-con e-parent\" data-id=\"26421adf\" data-element_type=\"container\" data-settings=\"{&quot;background_background&quot;:&quot;classic&quot;}\">\n\t\t\t\t\t<div class=\"e-con-inner\">\n\t\t\t\t<div class=\"elementor-element elementor-element-189c32c8 elementor-widget__width-auto elementor-widget elementor-widget-heading\" data-id=\"189c32c8\" data-element_type=\"widget\" data-widget_type=\"heading.default\">\n\t\t\t\t<div class=\"elementor-widget-container\">\n\t\t\t\t\t<h5 class=\"elementor-heading-title elementor-size-default\">Orthodontist<\/h5>\t\t\t\t<\/div>\n\t\t\t\t<\/div>\n\t\t\t\t<div class=\"elementor-element elementor-element-55c266ad elementor-widget elementor-widget-heading\" data-id=\"55c266ad\" data-element_type=\"widget\" data-widget_type=\"heading.default\">\n\t\t\t\t<div class=\"elementor-widget-container\">\n\t\t\t\t\t<h2 class=\"elementor-heading-title elementor-size-default\">JONAS SUTKUS<\/h2>\t\t\t\t<\/div>\n\t\t\t\t<\/div>\n\t\t\t\t<div class=\"elementor-element elementor-element-51464e35 elementor-widget-divider--view-line elementor-widget elementor-widget-divider\" data-id=\"51464e35\" data-element_type=\"widget\" data-widget_type=\"divider.default\">\n\t\t\t\t<div class=\"elementor-widget-container\">\n\t\t\t\t\t\t\t<div class=\"elementor-divider\">\n\t\t\t<span class=\"elementor-divider-separator\">\n\t\t\t\t\t\t<\/span>\n\t\t<\/div>\n\t\t\t\t\t\t<\/div>\n\t\t\t\t<\/div>\n\t\t\t\t\t<\/div>\n\t\t\t\t<\/div>\n\t\t<div class=\"elementor-element elementor-element-770058df e-flex e-con-boxed e-con e-parent\" data-id=\"770058df\" data-element_type=\"container\">\n\t\t\t\t\t<div class=\"e-con-inner\">\n\t\t<div class=\"elementor-element elementor-element-4fac277a e-con-full e-flex e-con e-child\" data-id=\"4fac277a\" data-element_type=\"container\">\n\t\t\t\t<div class=\"elementor-element elementor-element-20f7a4eb elementor-widget elementor-widget-heading\" data-id=\"20f7a4eb\" data-element_type=\"widget\" data-widget_type=\"heading.default\">\n\t\t\t\t<div class=\"elementor-widget-container\">\n\t\t\t\t\t<h2 class=\"elementor-heading-title elementor-size-default\">\"Attentiveness to the needs and details of each patient throughout the entire treatment process helps me achieve the best results. My goal is for everyone to smile confidently.\"<\/h2>\t\t\t\t<\/div>\n\t\t\t\t<\/div>\n\t\t\t\t<div class=\"elementor-element elementor-element-5fbd6601 elementor-widget elementor-widget-text-editor\" data-id=\"5fbd6601\" data-element_type=\"widget\" data-widget_type=\"text-editor.default\">\n\t\t\t\t<div class=\"elementor-widget-container\">\n\t\t\t\t\t\t\t\t\t<p>Jonas Sutkus completed his master's studies in dentistry at Vilnius University.\u00a0<\/p><p>\u00a0<\/p><p>He later pursued residency training and obtained professional certification as an orthodontist.<\/p><p>\u00a0<\/p><p>Dr. Sutkus specialises in the treatment of jaw and dental alignment anomalies.<\/p><p>\u00a0<\/p><p>He actively participates in local and international conferences, training sessions, and qualification enhancement courses in Lithuania, Belgium, Poland, Italy, and Latvia.<\/p>\t\t\t\t\t\t\t\t<\/div>\n\t\t\t\t<\/div>\n\t\t\t\t<\/div>\n\t\t<div class=\"elementor-element elementor-element-1bce1791 e-con-full e-flex e-con e-child\" data-id=\"1bce1791\" data-element_type=\"container\">\n\t\t\t\t<div class=\"elementor-element elementor-element-7d5b509e elementor-widget elementor-widget-image\" data-id=\"7d5b509e\" data-element_type=\"widget\" data-widget_type=\"image.default\">\n\t\t\t\t<div class=\"elementor-widget-container\">\n\t\t\t\t\t\t\t\t\t\t\t\t\t\t\t<img fetchpriority=\"high\" decoding=\"async\" width=\"566\" height=\"800\" src=\"https:\/\/muk.lt\/wp-content\/uploads\/2024\/07\/t-10.webp\" class=\"attachment-full size-full wp-image-722\" alt=\"\" srcset=\"https:\/\/muk.lt\/wp-content\/uploads\/2024\/07\/t-10.webp 566w, https:\/\/muk.lt\/wp-content\/uploads\/2024\/07\/t-10-212x300.webp 212w\" sizes=\"(max-width: 566px) 100vw, 566px\" \/>\t\t\t\t\t\t\t\t\t\t\t\t\t\t\t<\/div>\n\t\t\t\t<\/div>\n\t\t\t\t<div class=\"elementor-element elementor-element-4b2a1ab2 elementor-icon-list--layout-traditional elementor-list-item-link-full_width elementor-widget elementor-widget-icon-list\" data-id=\"4b2a1ab2\" data-element_type=\"widget\" data-widget_type=\"icon-list.default\">\n\t\t\t\t<div class=\"elementor-widget-container\">\n\t\t\t\t\t\t\t<ul class=\"elementor-icon-list-items\">\n\t\t\t\t\t\t\t<li class=\"elementor-icon-list-item\">\n\t\t\t\t\t\t\t\t\t\t\t<a href=\"https:\/\/muk.lt\/en\/paslauga-ortodontinis-gydymas\/\">\n\n\t\t\t\t\t\t\t\t\t\t\t\t<span class=\"elementor-icon-list-icon\">\n\t\t\t\t\t\t\t<svg aria-hidden=\"true\" class=\"e-font-icon-svg e-fas-check-circle\" viewbox=\"0 0 512 512\" xmlns=\"http:\/\/www.w3.org\/2000\/svg\"><path d=\"M504 256c0 136.967-111.033 248-248 248S8 392.967 8 256 119.033 8 256 8s248 111.033 248 248zM227.314 387.314l184-184c6.248-6.248 6.248-16.379 0-22.627l-22.627-22.627c-6.248-6.249-16.379-6.249-22.628 0L216 308.118l-70.059-70.059c-6.248-6.248-16.379-6.248-22.628 0l-22.627 22.627c-6.248 6.248-6.248 16.379 0 22.627l104 104c6.249 6.249 16.379 6.249 22.628.001z\"><\/path><\/svg>\t\t\t\t\t\t<\/span>\n\t\t\t\t\t\t\t\t\t\t<span class=\"elementor-icon-list-text\">Orthodontic treatment<\/span>\n\t\t\t\t\t\t\t\t\t\t\t<\/a>\n\t\t\t\t\t\t\t\t\t<\/li>\n\t\t\t\t\t\t<\/ul>\n\t\t\t\t\t\t<\/div>\n\t\t\t\t<\/div>\n\t\t\t\t<\/div>\n\t\t\t\t\t<\/div>\n\t\t\t\t<\/div>\n\t\t<div class=\"elementor-element elementor-element-282e502 e-flex e-con-boxed e-con e-parent\" data-id=\"282e502\" data-element_type=\"container\" data-settings=\"{&quot;background_background&quot;:&quot;classic&quot;}\">\n\t\t\t\t\t<div class=\"e-con-inner\">\n\t\t<div class=\"elementor-element elementor-element-253cb0c2 e-con-full e-flex e-con e-child\" data-id=\"253cb0c2\" data-element_type=\"container\">\n\t\t\t\t<div class=\"elementor-element elementor-element-5ab60a67 elementor-widget elementor-widget-heading\" data-id=\"5ab60a67\" data-element_type=\"widget\" data-widget_type=\"heading.default\">\n\t\t\t\t<div class=\"elementor-widget-container\">\n\t\t\t\t\t<h2 class=\"elementor-heading-title elementor-size-default\">A Modern clinic, where you will find your own doctor.<\/h2>\t\t\t\t<\/div>\n\t\t\t\t<\/div>\n\t\t\t\t<\/div>\n\t\t<div class=\"elementor-element elementor-element-3a313fed e-con-full e-flex e-con e-child\" data-id=\"3a313fed\" data-element_type=\"container\">\n\t\t\t\t<div class=\"elementor-element elementor-element-7caa2f07 elementor-align-center elementor-widget elementor-widget-button\" data-id=\"7caa2f07\" data-element_type=\"widget\" data-widget_type=\"button.default\">\n\t\t\t\t<div class=\"elementor-widget-container\">\n\t\t\t\t\t\t\t\t\t<div class=\"elementor-button-wrapper\">\n\t\t\t\t\t<a class=\"elementor-button elementor-button-link elementor-size-sm\" href=\"https:\/\/muk.lt\/en\/kontaktai\/\">\n\t\t\t\t\t\t<span class=\"elementor-button-content-wrapper\">\n\t\t\t\t\t\t\t\t\t<span class=\"elementor-button-text\">Register here<\/span>\n\t\t\t\t\t<\/span>\n\t\t\t\t\t<\/a>\n\t\t\t\t<\/div>\n\t\t\t\t\t\t\t\t<\/div>\n\t\t\t\t<\/div>\n\t\t\t\t<\/div>\n\t\t\t\t\t<\/div>\n\t\t\t\t<\/div>\n\t\t\t\t<\/div>","protected":false},"excerpt":{"rendered":"<p>Gydytojas Ortodontas JONAS SUTKUS \u201eAtidumas paciento poreikiams bei detal\u0117ms viso gydymo metu man padeda pasiekti geriausi\u0173 rezultat\u0173. Noriu, kad visi gal\u0117tume \u0161ypsotis dr\u0105siai\u201c Jonas Sutkus baig\u0117 odontologijos magistrant\u016bros studijas Vilniaus universitete.\u00a0 \u00a0 V\u0117liau t\u0119s\u0117 rezident\u016bros studijas ir \u012fgavo gydytojo ortodonto profesin\u0119 kvalifikacij\u0105. \u00a0 Gydytojas specializuojasi s\u0105kand\u017eio ir dant\u0173 pad\u0117ties anomalij\u0173 gydyme. \u00a0 Aktyviai dalyvauja vietin\u0117se [&hellip;]<\/p>","protected":false},"author":1,"featured_media":0,"parent":0,"menu_order":0,"comment_status":"closed","ping_status":"closed","template":"elementor_header_footer","meta":{"footnotes":"","_wp_rev_ctl_limit":""},"class_list":["post-1032","page","type-page","status-publish","hentry"],"_links":{"self":[{"href":"https:\/\/muk.lt\/en\/wp-json\/wp\/v2\/pages\/1032","targetHints":{"allow":["GET"]}}],"collection":[{"href":"https:\/\/muk.lt\/en\/wp-json\/wp\/v2\/pages"}],"about":[{"href":"https:\/\/muk.lt\/en\/wp-json\/wp\/v2\/types\/page"}],"author":[{"embeddable":true,"href":"https:\/\/muk.lt\/en\/wp-json\/wp\/v2\/users\/1"}],"replies":[{"embeddable":true,"href":"https:\/\/muk.lt\/en\/wp-json\/wp\/v2\/comments?post=1032"}],"version-history":[{"count":3,"href":"https:\/\/muk.lt\/en\/wp-json\/wp\/v2\/pages\/1032\/revisions"}],"predecessor-version":[{"id":1040,"href":"https:\/\/muk.lt\/en\/wp-json\/wp\/v2\/pages\/1032\/revisions\/1040"}],"wp:attachment":[{"href":"https:\/\/muk.lt\/en\/wp-json\/wp\/v2\/media?parent=1032"}],"curies":[{"name":"wp","href":"https:\/\/api.w.org\/{rel}","templated":true}]}}